{"id":78,"date":"2024-11-19T20:16:33","date_gmt":"2024-11-19T19:16:33","guid":{"rendered":"https:\/\/shop.hustaskola.cz\/obchod\/?post_type=product&#038;p=78"},"modified":"2024-12-10T03:59:11","modified_gmt":"2024-12-10T02:59:11","slug":"mikina-college","status":"publish","type":"product","link":"https:\/\/shop.hustaskola.cz\/obchod\/produkt\/mikina-college\/","title":{"rendered":"Mikina College"},"content":{"rendered":"<p>&#8211; padne kluk\u016fm i holk\u00e1m<\/p>\n<p>&#8211; siln\u011bj\u0161\u00ed gram\u00e1\u017e: 330 GSM<\/p>\n<p>&#8211; pou\u017eit\u00e9 l\u00e1tky: 70% bavlna, 30% polyester<\/p>\n<p>College mikina m\u00e1 mal\u00fd potisk na prsou.<\/p>\n","protected":false},"excerpt":{"rendered":"<p>Mikina College OA Praha bez kapuce -zap\u00edn\u00e1n\u00edm na kovov\u00e9 cvo\u010dky.<\/p>\n","protected":false},"author":2,"featured_media":275,"template":"","meta":[],"product_brand":[],"product_cat":[17,21,16,19],"product_tag":[],"class_list":{"0":"post-78","1":"product","2":"type-product","3":"status-publish","4":"has-post-thumbnail","6":"product_cat-oa-vinohrady","7":"product_cat-obleceni-oa-andel","8":"product_cat-oa-satalice","9":"product_cat-obleceni-oa-satalice","11":"first","12":"instock","13":"shipping-taxable","14":"purchasable","15":"product-type-variable","16":"has-default-attributes"},"_links":{"self":[{"href":"https:\/\/shop.hustaskola.cz\/obchod\/wp-json\/wp\/v2\/product\/78","targetHints":{"allow":["GET"]}}],"collection":[{"href":"https:\/\/shop.hustaskola.cz\/obchod\/wp-json\/wp\/v2\/product"}],"about":[{"href":"https:\/\/shop.hustaskola.cz\/obchod\/wp-json\/wp\/v2\/types\/product"}],"author":[{"embeddable":true,"href":"https:\/\/shop.hustaskola.cz\/obchod\/wp-json\/wp\/v2\/users\/2"}],"wp:featuredmedia":[{"embeddable":true,"href":"https:\/\/shop.hustaskola.cz\/obchod\/wp-json\/wp\/v2\/media\/275"}],"wp:attachment":[{"href":"https:\/\/shop.hustaskola.cz\/obchod\/wp-json\/wp\/v2\/media?parent=78"}],"wp:term":[{"taxonomy":"product_brand","embeddable":true,"href":"https:\/\/shop.hustaskola.cz\/obchod\/wp-json\/wp\/v2\/product_brand?post=78"},{"taxonomy":"product_cat","embeddable":true,"href":"https:\/\/shop.hustaskola.cz\/obchod\/wp-json\/wp\/v2\/product_cat?post=78"},{"taxonomy":"product_tag","embeddable":true,"href":"https:\/\/shop.hustaskola.cz\/obchod\/wp-json\/wp\/v2\/product_tag?post=78"}],"curies":[{"name":"wp","href":"https:\/\/api.w.org\/{rel}","templated":true}]}}