{"id":76,"date":"2024-11-19T20:16:19","date_gmt":"2024-11-19T19:16:19","guid":{"rendered":"https:\/\/shop.hustaskola.cz\/obchod\/?post_type=product&#038;p=76"},"modified":"2024-12-10T04:00:22","modified_gmt":"2024-12-10T03:00:22","slug":"damske-funkcni-tricko-premium","status":"publish","type":"product","link":"https:\/\/shop.hustaskola.cz\/obchod\/produkt\/damske-funkcni-tricko-premium\/","title":{"rendered":"D\u00e1msk\u00e9 funk\u010dn\u00ed tri\u010dko Premium"},"content":{"rendered":"<p>&#8211; 100% polyester barven\u00fd technologi\u00ed space dyeing<\/p>\n<p>&#8211; prody\u0161n\u00fd design pro snadn\u00e9 su\u0161en\u00ed<\/p>\n<p>&#8211; ragl\u00e1nov\u00fd styl<\/p>\n<p>&#8211; kulat\u00fd v\u00fdst\u0159ih<\/p>\n<p>&#8211; 140 g\/m\u00b2<\/p>\n","protected":false},"excerpt":{"rendered":"<p>Modern\u00ed a pru\u017en\u00e9 sportovn\u00ed tri\u010dko pro \u017eeny z rychleschnouc\u00edho a prody\u0161n\u00e9ho materi\u00e1lu pro maxim\u00e1ln\u00ed komfort p\u0159i sportov\u00e1n\u00ed. Ragl\u00e1nov\u00e9 ruk\u00e1vy a voln\u00fd st\u0159ih umo\u017e\u0148uj\u00ed vynikaj\u00edc\u00ed volnost pohybu.<\/p>\n","protected":false},"author":2,"featured_media":266,"template":"","meta":[],"product_brand":[],"product_cat":[17,21,16,19],"product_tag":[],"class_list":{"0":"post-76","1":"product","2":"type-product","3":"status-publish","4":"has-post-thumbnail","6":"product_cat-oa-vinohrady","7":"product_cat-obleceni-oa-andel","8":"product_cat-oa-satalice","9":"product_cat-obleceni-oa-satalice","11":"first","12":"instock","13":"shipping-taxable","14":"purchasable","15":"product-type-variable","16":"has-default-attributes"},"_links":{"self":[{"href":"https:\/\/shop.hustaskola.cz\/obchod\/wp-json\/wp\/v2\/product\/76","targetHints":{"allow":["GET"]}}],"collection":[{"href":"https:\/\/shop.hustaskola.cz\/obchod\/wp-json\/wp\/v2\/product"}],"about":[{"href":"https:\/\/shop.hustaskola.cz\/obchod\/wp-json\/wp\/v2\/types\/product"}],"author":[{"embeddable":true,"href":"https:\/\/shop.hustaskola.cz\/obchod\/wp-json\/wp\/v2\/users\/2"}],"wp:featuredmedia":[{"embeddable":true,"href":"https:\/\/shop.hustaskola.cz\/obchod\/wp-json\/wp\/v2\/media\/266"}],"wp:attachment":[{"href":"https:\/\/shop.hustaskola.cz\/obchod\/wp-json\/wp\/v2\/media?parent=76"}],"wp:term":[{"taxonomy":"product_brand","embeddable":true,"href":"https:\/\/shop.hustaskola.cz\/obchod\/wp-json\/wp\/v2\/product_brand?post=76"},{"taxonomy":"product_cat","embeddable":true,"href":"https:\/\/shop.hustaskola.cz\/obchod\/wp-json\/wp\/v2\/product_cat?post=76"},{"taxonomy":"product_tag","embeddable":true,"href":"https:\/\/shop.hustaskola.cz\/obchod\/wp-json\/wp\/v2\/product_tag?post=76"}],"curies":[{"name":"wp","href":"https:\/\/api.w.org\/{rel}","templated":true}]}}