{"id":74,"date":"2024-11-19T20:16:07","date_gmt":"2024-11-19T19:16:07","guid":{"rendered":"https:\/\/shop.hustaskola.cz\/obchod\/?post_type=product&#038;p=74"},"modified":"2024-11-20T14:58:28","modified_gmt":"2024-11-20T13:58:28","slug":"kulich","status":"publish","type":"product","link":"https:\/\/shop.hustaskola.cz\/obchod\/produkt\/kulich\/","title":{"rendered":"Kulich"},"content":{"rendered":"<p>Logo \u0161koly Obchodn\u00ed akademie Praha je na p\u0159edn\u00ed stran\u011b kulichu. Kul\u00ed\u0161ek je s bavlny, tak se nebojte, \u017ee by n\u011bjak kousal &#8211; NAOPAK kr\u00e1sn\u011b v chladn\u00fdch \u010dasech venku zah\u0159eje.<\/p>\n","protected":false},"excerpt":{"rendered":"<div id=\"short-description\" class=\"product-detail-short-descr\" data-testid=\"productCardShortDescr\">\n<p>\u0160koln\u00ed kulich Obchodn\u00ed akademie Praha V\u00e1s v zim\u011b po\u0159\u00e1dn\u011b zah\u0159eje.<\/p>\n<\/div>\n","protected":false},"author":2,"featured_media":260,"template":"","meta":[],"product_brand":[],"product_cat":[17,21,16,19],"product_tag":[],"class_list":{"0":"post-74","1":"product","2":"type-product","3":"status-publish","4":"has-post-thumbnail","6":"product_cat-oa-vinohrady","7":"product_cat-obleceni-oa-andel","8":"product_cat-oa-satalice","9":"product_cat-obleceni-oa-satalice","11":"first","12":"instock","13":"shipping-taxable","14":"purchasable","15":"product-type-variable"},"_links":{"self":[{"href":"https:\/\/shop.hustaskola.cz\/obchod\/wp-json\/wp\/v2\/product\/74","targetHints":{"allow":["GET"]}}],"collection":[{"href":"https:\/\/shop.hustaskola.cz\/obchod\/wp-json\/wp\/v2\/product"}],"about":[{"href":"https:\/\/shop.hustaskola.cz\/obchod\/wp-json\/wp\/v2\/types\/product"}],"author":[{"embeddable":true,"href":"https:\/\/shop.hustaskola.cz\/obchod\/wp-json\/wp\/v2\/users\/2"}],"wp:featuredmedia":[{"embeddable":true,"href":"https:\/\/shop.hustaskola.cz\/obchod\/wp-json\/wp\/v2\/media\/260"}],"wp:attachment":[{"href":"https:\/\/shop.hustaskola.cz\/obchod\/wp-json\/wp\/v2\/media?parent=74"}],"wp:term":[{"taxonomy":"product_brand","embeddable":true,"href":"https:\/\/shop.hustaskola.cz\/obchod\/wp-json\/wp\/v2\/product_brand?post=74"},{"taxonomy":"product_cat","embeddable":true,"href":"https:\/\/shop.hustaskola.cz\/obchod\/wp-json\/wp\/v2\/product_cat?post=74"},{"taxonomy":"product_tag","embeddable":true,"href":"https:\/\/shop.hustaskola.cz\/obchod\/wp-json\/wp\/v2\/product_tag?post=74"}],"curies":[{"name":"wp","href":"https:\/\/api.w.org\/{rel}","templated":true}]}}