{"id":470,"date":"2024-12-17T19:18:47","date_gmt":"2024-12-17T18:18:47","guid":{"rendered":"https:\/\/shop.hustaskola.cz\/obchod\/?post_type=product&#038;p=470"},"modified":"2024-12-17T19:18:47","modified_gmt":"2024-12-17T18:18:47","slug":"kosile-da","status":"publish","type":"product","link":"https:\/\/shop.hustaskola.cz\/obchod\/produkt\/kosile-da\/","title":{"rendered":"Ko\u0161ile DA"},"content":{"rendered":"<p><strong>Sv\u011btle modr\u00e1 ko\u0161ile s logem Digital Academy<\/strong><br \/>\nStylov\u00e1 a elegantn\u00ed ko\u0161ile v jemn\u00e9m sv\u011btle modr\u00e9m odst\u00ednu, ide\u00e1ln\u00ed pro reprezentaci \u0161koly Digital Academy. Ko\u0161ile m\u00e1 klasick\u00fd st\u0159ih, dlouh\u00e9 ruk\u00e1vy a decentn\u00ed logo Digital Academy na lev\u00e9 stran\u011b hrudi. Skv\u011bl\u00e1 volba pro studenty i zam\u011bstnance, kte\u0159\u00ed cht\u011bj\u00ed vypadat profesion\u00e1ln\u011b a vkusn\u011b. Vyrobena z kvalitn\u00edho materi\u00e1lu, kter\u00fd zaji\u0161\u0165uje pohodl\u00ed b\u011bhem celodenn\u00edho no\u0161en\u00ed.<\/p>\n","protected":false},"excerpt":{"rendered":"<p>Sv\u011btle modr\u00e1 ko\u0161ile s logem Digital Academy Stylov\u00e1 a elegantn\u00ed ko\u0161ile v jemn\u00e9m sv\u011btle modr\u00e9m odst\u00ednu, ide\u00e1ln\u00ed pro reprezentaci \u0161koly Digital Academy. Ko\u0161ile m\u00e1 klasick\u00fd st\u0159ih, dlouh\u00e9 ruk\u00e1vy a decentn\u00ed logo Digital Academy na lev\u00e9 stran\u011b hrudi. Skv\u011bl\u00e1 volba pro studenty i zam\u011bstnance, kte\u0159\u00ed cht\u011bj\u00ed vypadat profesion\u00e1ln\u011b a vkusn\u011b. Vyrobena z kvalitn\u00edho materi\u00e1lu, kter\u00fd zaji\u0161\u0165uje [&hellip;]<\/p>\n","protected":false},"author":2,"featured_media":1577,"template":"","meta":[],"product_brand":[],"product_cat":[18,20],"product_tag":[],"class_list":{"0":"post-470","1":"product","2":"type-product","3":"status-publish","4":"has-post-thumbnail","6":"product_cat-da-kutna-hora-malin","7":"product_cat-obleceni-da-kutna-hora-malin","9":"first","10":"instock","11":"shipping-taxable","12":"purchasable","13":"product-type-variable"},"_links":{"self":[{"href":"https:\/\/shop.hustaskola.cz\/obchod\/wp-json\/wp\/v2\/product\/470","targetHints":{"allow":["GET"]}}],"collection":[{"href":"https:\/\/shop.hustaskola.cz\/obchod\/wp-json\/wp\/v2\/product"}],"about":[{"href":"https:\/\/shop.hustaskola.cz\/obchod\/wp-json\/wp\/v2\/types\/product"}],"author":[{"embeddable":true,"href":"https:\/\/shop.hustaskola.cz\/obchod\/wp-json\/wp\/v2\/users\/2"}],"wp:featuredmedia":[{"embeddable":true,"href":"https:\/\/shop.hustaskola.cz\/obchod\/wp-json\/wp\/v2\/media\/1577"}],"wp:attachment":[{"href":"https:\/\/shop.hustaskola.cz\/obchod\/wp-json\/wp\/v2\/media?parent=470"}],"wp:term":[{"taxonomy":"product_brand","embeddable":true,"href":"https:\/\/shop.hustaskola.cz\/obchod\/wp-json\/wp\/v2\/product_brand?post=470"},{"taxonomy":"product_cat","embeddable":true,"href":"https:\/\/shop.hustaskola.cz\/obchod\/wp-json\/wp\/v2\/product_cat?post=470"},{"taxonomy":"product_tag","embeddable":true,"href":"https:\/\/shop.hustaskola.cz\/obchod\/wp-json\/wp\/v2\/product_tag?post=470"}],"curies":[{"name":"wp","href":"https:\/\/api.w.org\/{rel}","templated":true}]}}