{"id":46,"date":"2024-11-19T19:54:51","date_gmt":"2024-11-19T18:54:51","guid":{"rendered":"https:\/\/shop.hustaskola.cz\/obchod\/?post_type=product&#038;p=46"},"modified":"2024-11-19T20:00:48","modified_gmt":"2024-11-19T19:00:48","slug":"mariasove-karty","status":"publish","type":"product","link":"https:\/\/shop.hustaskola.cz\/obchod\/produkt\/mariasove-karty\/","title":{"rendered":"Mari\u00e1\u0161ov\u00e9 karty"},"content":{"rendered":"<p>\u0160koln\u00ed hrac\u00ed mari\u00e1\u0161ov\u00e9 karty se hod\u00ed na skv\u011blou hru jako je Pr\u0161\u00ed, Kent, Vole padni, P\u0159eb\u00edjen\u00e1 apod.<\/p>\n<p>D\u00e1le se karty Obchodn\u00ed akademie Praha hod\u00ed i jako skv\u011bl\u00fd d\u00e1rek.<\/p>\n<p>Karty jsou balen\u00e9 v plastov\u00e9 krabi\u010dce, tak\u017ee se dob\u0159e p\u0159epravuj\u00ed a neztrat\u00ed se.<\/p>\n","protected":false},"excerpt":{"rendered":"<p>Mari\u00e1\u0161ov\u00e9 hrac\u00ed karty nap\u0159\u00edklad na ,, pr\u0161\u00ed&#8221;.<\/p>\n","protected":false},"author":2,"featured_media":50,"template":"","meta":[],"product_brand":[],"product_cat":[17,24,16,23],"product_tag":[],"class_list":{"0":"post-46","1":"product","2":"type-product","3":"status-publish","4":"has-post-thumbnail","6":"product_cat-oa-vinohrady","7":"product_cat-skolni-predmety-obleceni-oa-andel","8":"product_cat-oa-satalice","9":"product_cat-skolni-predmety-oa-satalice","11":"first","12":"instock","13":"shipping-taxable","14":"purchasable","15":"product-type-simple"},"_links":{"self":[{"href":"https:\/\/shop.hustaskola.cz\/obchod\/wp-json\/wp\/v2\/product\/46","targetHints":{"allow":["GET"]}}],"collection":[{"href":"https:\/\/shop.hustaskola.cz\/obchod\/wp-json\/wp\/v2\/product"}],"about":[{"href":"https:\/\/shop.hustaskola.cz\/obchod\/wp-json\/wp\/v2\/types\/product"}],"author":[{"embeddable":true,"href":"https:\/\/shop.hustaskola.cz\/obchod\/wp-json\/wp\/v2\/users\/2"}],"wp:featuredmedia":[{"embeddable":true,"href":"https:\/\/shop.hustaskola.cz\/obchod\/wp-json\/wp\/v2\/media\/50"}],"wp:attachment":[{"href":"https:\/\/shop.hustaskola.cz\/obchod\/wp-json\/wp\/v2\/media?parent=46"}],"wp:term":[{"taxonomy":"product_brand","embeddable":true,"href":"https:\/\/shop.hustaskola.cz\/obchod\/wp-json\/wp\/v2\/product_brand?post=46"},{"taxonomy":"product_cat","embeddable":true,"href":"https:\/\/shop.hustaskola.cz\/obchod\/wp-json\/wp\/v2\/product_cat?post=46"},{"taxonomy":"product_tag","embeddable":true,"href":"https:\/\/shop.hustaskola.cz\/obchod\/wp-json\/wp\/v2\/product_tag?post=46"}],"curies":[{"name":"wp","href":"https:\/\/api.w.org\/{rel}","templated":true}]}}