{"id":45,"date":"2024-11-19T19:54:28","date_gmt":"2024-11-19T18:54:28","guid":{"rendered":"https:\/\/shop.hustaskola.cz\/obchod\/?post_type=product&#038;p=45"},"modified":"2024-11-19T20:03:01","modified_gmt":"2024-11-19T19:03:01","slug":"skolni-placky-3ks","status":"publish","type":"product","link":"https:\/\/shop.hustaskola.cz\/obchod\/produkt\/skolni-placky-3ks\/","title":{"rendered":"\u0161koln\u00ed placky &#8211; 3ks"},"content":{"rendered":"<p>\u0160koln\u00ed placky (odznaky) si m\u016f\u017eete p\u0159ipnout na batoh, vak na z\u00e1da nebo jen tak na tri\u010dko. Placku si m\u016f\u017eete vyrobit (graficky namalovat sami) nebo si ji\u017e zakoupit ji\u017e vytvo\u0159enou.<\/p>\n<p>Cena je za 3ks placek (odznak\u016f)<\/p>\n","protected":false},"excerpt":{"rendered":"<p>Placky (odznaky) Obchodn\u00ed akademie Praha<\/p>\n","protected":false},"author":2,"featured_media":52,"template":"","meta":[],"product_brand":[],"product_cat":[16,17,24,23],"product_tag":[],"class_list":{"0":"post-45","1":"product","2":"type-product","3":"status-publish","4":"has-post-thumbnail","6":"product_cat-oa-satalice","7":"product_cat-oa-vinohrady","8":"product_cat-skolni-predmety-obleceni-oa-andel","9":"product_cat-skolni-predmety-oa-satalice","11":"first","12":"instock","13":"shipping-taxable","14":"purchasable","15":"product-type-simple"},"_links":{"self":[{"href":"https:\/\/shop.hustaskola.cz\/obchod\/wp-json\/wp\/v2\/product\/45","targetHints":{"allow":["GET"]}}],"collection":[{"href":"https:\/\/shop.hustaskola.cz\/obchod\/wp-json\/wp\/v2\/product"}],"about":[{"href":"https:\/\/shop.hustaskola.cz\/obchod\/wp-json\/wp\/v2\/types\/product"}],"author":[{"embeddable":true,"href":"https:\/\/shop.hustaskola.cz\/obchod\/wp-json\/wp\/v2\/users\/2"}],"wp:featuredmedia":[{"embeddable":true,"href":"https:\/\/shop.hustaskola.cz\/obchod\/wp-json\/wp\/v2\/media\/52"}],"wp:attachment":[{"href":"https:\/\/shop.hustaskola.cz\/obchod\/wp-json\/wp\/v2\/media?parent=45"}],"wp:term":[{"taxonomy":"product_brand","embeddable":true,"href":"https:\/\/shop.hustaskola.cz\/obchod\/wp-json\/wp\/v2\/product_brand?post=45"},{"taxonomy":"product_cat","embeddable":true,"href":"https:\/\/shop.hustaskola.cz\/obchod\/wp-json\/wp\/v2\/product_cat?post=45"},{"taxonomy":"product_tag","embeddable":true,"href":"https:\/\/shop.hustaskola.cz\/obchod\/wp-json\/wp\/v2\/product_tag?post=45"}],"curies":[{"name":"wp","href":"https:\/\/api.w.org\/{rel}","templated":true}]}}