{"id":43,"date":"2024-11-19T19:54:05","date_gmt":"2024-11-19T18:54:05","guid":{"rendered":"https:\/\/shop.hustaskola.cz\/obchod\/?post_type=product&#038;p=43"},"modified":"2024-11-20T16:06:32","modified_gmt":"2024-11-20T15:06:32","slug":"propiska-obchodni-akademie-praha","status":"publish","type":"product","link":"https:\/\/shop.hustaskola.cz\/obchod\/produkt\/propiska-obchodni-akademie-praha\/","title":{"rendered":"Propiska Obchodn\u00ed akademie Praha"},"content":{"rendered":"<p>Propiska je kovov\u00e1 a m\u00e1 potisknut\u00fd jeden bok logem \u0161koly Obchodn\u00ed akademie Praha.<\/p>\n<p>Propiska p\u00ed\u0161e mod\u0159e.<\/p>\n","protected":false},"excerpt":{"rendered":"<p>Propiska Obchodn\u00ed akademie Praha &#8211; p\u00ed\u0161e mod\u0159e.<\/p>\n","protected":false},"author":2,"featured_media":410,"template":"","meta":[],"product_brand":[],"product_cat":[17,24,16,23],"product_tag":[],"class_list":{"0":"post-43","1":"product","2":"type-product","3":"status-publish","4":"has-post-thumbnail","6":"product_cat-oa-vinohrady","7":"product_cat-skolni-predmety-obleceni-oa-andel","8":"product_cat-oa-satalice","9":"product_cat-skolni-predmety-oa-satalice","11":"first","12":"instock","13":"shipping-taxable","14":"purchasable","15":"product-type-simple"},"_links":{"self":[{"href":"https:\/\/shop.hustaskola.cz\/obchod\/wp-json\/wp\/v2\/product\/43","targetHints":{"allow":["GET"]}}],"collection":[{"href":"https:\/\/shop.hustaskola.cz\/obchod\/wp-json\/wp\/v2\/product"}],"about":[{"href":"https:\/\/shop.hustaskola.cz\/obchod\/wp-json\/wp\/v2\/types\/product"}],"author":[{"embeddable":true,"href":"https:\/\/shop.hustaskola.cz\/obchod\/wp-json\/wp\/v2\/users\/2"}],"wp:featuredmedia":[{"embeddable":true,"href":"https:\/\/shop.hustaskola.cz\/obchod\/wp-json\/wp\/v2\/media\/410"}],"wp:attachment":[{"href":"https:\/\/shop.hustaskola.cz\/obchod\/wp-json\/wp\/v2\/media?parent=43"}],"wp:term":[{"taxonomy":"product_brand","embeddable":true,"href":"https:\/\/shop.hustaskola.cz\/obchod\/wp-json\/wp\/v2\/product_brand?post=43"},{"taxonomy":"product_cat","embeddable":true,"href":"https:\/\/shop.hustaskola.cz\/obchod\/wp-json\/wp\/v2\/product_cat?post=43"},{"taxonomy":"product_tag","embeddable":true,"href":"https:\/\/shop.hustaskola.cz\/obchod\/wp-json\/wp\/v2\/product_tag?post=43"}],"curies":[{"name":"wp","href":"https:\/\/api.w.org\/{rel}","templated":true}]}}