{"id":418,"date":"2024-11-20T16:12:46","date_gmt":"2024-11-20T15:12:46","guid":{"rendered":"https:\/\/shop.hustaskola.cz\/obchod\/?post_type=product&#038;p=418"},"modified":"2024-11-20T16:13:37","modified_gmt":"2024-11-20T15:13:37","slug":"zeton-do-kosiku-da","status":"publish","type":"product","link":"https:\/\/shop.hustaskola.cz\/obchod\/produkt\/zeton-do-kosiku-da\/","title":{"rendered":"\u017deton do ko\u0161\u00edku DA"},"content":{"rendered":"<p>\u017deton slou\u017e\u00ed k odem\u010den\u00ed n\u00e1kupn\u00edho voz\u00edku ani\u017e by bylo nutn\u00e9 jej v z\u00e1mku ponechat. Vhodn\u00e9 jako p\u0159\u00edv\u011b\u0161ek na kl\u00ed\u010de.<\/p>\n","protected":false},"excerpt":{"rendered":"<p>\u017deton je vyroben na 3D tisk\u00e1rn\u011b z materi\u00e1lu PETG.<\/p>\n","protected":false},"author":2,"featured_media":419,"template":"","meta":[],"product_brand":[],"product_cat":[18,22],"product_tag":[],"class_list":{"0":"post-418","1":"product","2":"type-product","3":"status-publish","4":"has-post-thumbnail","6":"product_cat-da-kutna-hora-malin","7":"product_cat-skolni-predmety-da-kutna-hora-malin","9":"first","10":"instock","11":"shipping-taxable","12":"purchasable","13":"product-type-simple"},"_links":{"self":[{"href":"https:\/\/shop.hustaskola.cz\/obchod\/wp-json\/wp\/v2\/product\/418","targetHints":{"allow":["GET"]}}],"collection":[{"href":"https:\/\/shop.hustaskola.cz\/obchod\/wp-json\/wp\/v2\/product"}],"about":[{"href":"https:\/\/shop.hustaskola.cz\/obchod\/wp-json\/wp\/v2\/types\/product"}],"author":[{"embeddable":true,"href":"https:\/\/shop.hustaskola.cz\/obchod\/wp-json\/wp\/v2\/users\/2"}],"wp:featuredmedia":[{"embeddable":true,"href":"https:\/\/shop.hustaskola.cz\/obchod\/wp-json\/wp\/v2\/media\/419"}],"wp:attachment":[{"href":"https:\/\/shop.hustaskola.cz\/obchod\/wp-json\/wp\/v2\/media?parent=418"}],"wp:term":[{"taxonomy":"product_brand","embeddable":true,"href":"https:\/\/shop.hustaskola.cz\/obchod\/wp-json\/wp\/v2\/product_brand?post=418"},{"taxonomy":"product_cat","embeddable":true,"href":"https:\/\/shop.hustaskola.cz\/obchod\/wp-json\/wp\/v2\/product_cat?post=418"},{"taxonomy":"product_tag","embeddable":true,"href":"https:\/\/shop.hustaskola.cz\/obchod\/wp-json\/wp\/v2\/product_tag?post=418"}],"curies":[{"name":"wp","href":"https:\/\/api.w.org\/{rel}","templated":true}]}}