{"id":413,"date":"2024-11-20T16:08:22","date_gmt":"2024-11-20T15:08:22","guid":{"rendered":"https:\/\/shop.hustaskola.cz\/obchod\/?post_type=product&#038;p=413"},"modified":"2024-12-06T20:57:16","modified_gmt":"2024-12-06T19:57:16","slug":"destnik-da","status":"publish","type":"product","link":"https:\/\/shop.hustaskola.cz\/obchod\/produkt\/destnik-da\/","title":{"rendered":"De\u0161tn\u00edk DA"},"content":{"rendered":"<p><strong>Stylov\u00fd oran\u017eov\u00fd de\u0161tn\u00edk se \u0161koln\u00edm logem<\/strong><br \/>\nOchra\u0148te se p\u0159ed de\u0161t\u011bm s elegantn\u00edm oran\u017eov\u00fd de\u0161tn\u00edkem, kter\u00fd nese logo na\u0161\u00ed \u0161koly. Tento praktick\u00fd a odoln\u00fd dopln\u011bk je ide\u00e1ln\u00ed pro ka\u017edodenn\u00ed pou\u017eit\u00ed i speci\u00e1ln\u00ed p\u0159\u00edle\u017eitosti. Automatick\u00e9 otev\u00edr\u00e1n\u00ed zaji\u0161\u0165uje pohodln\u00e9 pou\u017e\u00edv\u00e1n\u00ed, zat\u00edmco lehk\u00e1, ale pevn\u00e1 konstrukce v\u00e1s nezklame ani ve v\u011btrn\u00e9m po\u010das\u00ed. Bu\u010fte p\u0159ipraveni na ka\u017ed\u00e9 po\u010das\u00ed a reprezentujte svou \u0161kolu s hrdost\u00ed!<\/p>\n","protected":false},"excerpt":{"rendered":"<p><strong>Stylov\u00fd oran\u017eov\u00fd de\u0161tn\u00edk se \u0161koln\u00edm logem.<\/strong><\/p>\n","protected":false},"author":2,"featured_media":414,"template":"","meta":[],"product_brand":[],"product_cat":[18,22],"product_tag":[],"class_list":{"0":"post-413","1":"product","2":"type-product","3":"status-publish","4":"has-post-thumbnail","6":"product_cat-da-kutna-hora-malin","7":"product_cat-skolni-predmety-da-kutna-hora-malin","8":"product_shipping_class-vyzvednuti","10":"first","11":"instock","12":"shipping-taxable","13":"purchasable","14":"product-type-simple"},"_links":{"self":[{"href":"https:\/\/shop.hustaskola.cz\/obchod\/wp-json\/wp\/v2\/product\/413","targetHints":{"allow":["GET"]}}],"collection":[{"href":"https:\/\/shop.hustaskola.cz\/obchod\/wp-json\/wp\/v2\/product"}],"about":[{"href":"https:\/\/shop.hustaskola.cz\/obchod\/wp-json\/wp\/v2\/types\/product"}],"author":[{"embeddable":true,"href":"https:\/\/shop.hustaskola.cz\/obchod\/wp-json\/wp\/v2\/users\/2"}],"wp:featuredmedia":[{"embeddable":true,"href":"https:\/\/shop.hustaskola.cz\/obchod\/wp-json\/wp\/v2\/media\/414"}],"wp:attachment":[{"href":"https:\/\/shop.hustaskola.cz\/obchod\/wp-json\/wp\/v2\/media?parent=413"}],"wp:term":[{"taxonomy":"product_brand","embeddable":true,"href":"https:\/\/shop.hustaskola.cz\/obchod\/wp-json\/wp\/v2\/product_brand?post=413"},{"taxonomy":"product_cat","embeddable":true,"href":"https:\/\/shop.hustaskola.cz\/obchod\/wp-json\/wp\/v2\/product_cat?post=413"},{"taxonomy":"product_tag","embeddable":true,"href":"https:\/\/shop.hustaskola.cz\/obchod\/wp-json\/wp\/v2\/product_tag?post=413"}],"curies":[{"name":"wp","href":"https:\/\/api.w.org\/{rel}","templated":true}]}}