{"id":40,"date":"2024-11-19T19:53:50","date_gmt":"2024-11-19T18:53:50","guid":{"rendered":"https:\/\/shop.hustaskola.cz\/obchod\/?post_type=product&#038;p=40"},"modified":"2024-11-19T20:09:53","modified_gmt":"2024-11-19T19:09:53","slug":"vicko-na-plechovku","status":"publish","type":"product","link":"https:\/\/shop.hustaskola.cz\/obchod\/produkt\/vicko-na-plechovku\/","title":{"rendered":"V\u00ed\u010dko na plechovku"},"content":{"rendered":"<p>V\u00ed\u010dko lze zakoupit ve dvou variant\u00e1ch a to ve velikosti S a L.<\/p>\n<p>Velikost S &#8211; je na plechovky o objemu 250ml (mal\u00fd REDBULL, COCA COLA,&#8230;)<\/p>\n<p>Velikost L &#8211; je na plechovky o objemu 500ml, 330ml (MONSTER, COCA COLA, BIRELL,&#8230;)<\/p>\n","protected":false},"excerpt":{"rendered":"<p>V\u00ed\u010dko jednodu\u0161e nasad\u00edte na plechovku a m\u00e1te zaru\u010deno, \u017ee V\u00e1m do pit\u00ed v plechovce nevlet\u00ed \u017e\u00e1dn\u00fd hmyz (vosa, moucha, kom\u00e1r,&#8230;)<\/p>\n","protected":false},"author":2,"featured_media":58,"template":"","meta":[],"product_brand":[],"product_cat":[17,24,16,23],"product_tag":[],"class_list":{"0":"post-40","1":"product","2":"type-product","3":"status-publish","4":"has-post-thumbnail","6":"product_cat-oa-vinohrady","7":"product_cat-skolni-predmety-obleceni-oa-andel","8":"product_cat-oa-satalice","9":"product_cat-skolni-predmety-oa-satalice","11":"first","12":"instock","13":"shipping-taxable","14":"purchasable","15":"product-type-variable"},"_links":{"self":[{"href":"https:\/\/shop.hustaskola.cz\/obchod\/wp-json\/wp\/v2\/product\/40","targetHints":{"allow":["GET"]}}],"collection":[{"href":"https:\/\/shop.hustaskola.cz\/obchod\/wp-json\/wp\/v2\/product"}],"about":[{"href":"https:\/\/shop.hustaskola.cz\/obchod\/wp-json\/wp\/v2\/types\/product"}],"author":[{"embeddable":true,"href":"https:\/\/shop.hustaskola.cz\/obchod\/wp-json\/wp\/v2\/users\/2"}],"wp:featuredmedia":[{"embeddable":true,"href":"https:\/\/shop.hustaskola.cz\/obchod\/wp-json\/wp\/v2\/media\/58"}],"wp:attachment":[{"href":"https:\/\/shop.hustaskola.cz\/obchod\/wp-json\/wp\/v2\/media?parent=40"}],"wp:term":[{"taxonomy":"product_brand","embeddable":true,"href":"https:\/\/shop.hustaskola.cz\/obchod\/wp-json\/wp\/v2\/product_brand?post=40"},{"taxonomy":"product_cat","embeddable":true,"href":"https:\/\/shop.hustaskola.cz\/obchod\/wp-json\/wp\/v2\/product_cat?post=40"},{"taxonomy":"product_tag","embeddable":true,"href":"https:\/\/shop.hustaskola.cz\/obchod\/wp-json\/wp\/v2\/product_tag?post=40"}],"curies":[{"name":"wp","href":"https:\/\/api.w.org\/{rel}","templated":true}]}}