{"id":39,"date":"2024-11-19T19:53:26","date_gmt":"2024-11-19T18:53:26","guid":{"rendered":"https:\/\/shop.hustaskola.cz\/obchod\/?post_type=product&#038;p=39"},"modified":"2024-11-19T20:12:47","modified_gmt":"2024-11-19T19:12:47","slug":"sesit-a4-oapraha-cz","status":"publish","type":"product","link":"https:\/\/shop.hustaskola.cz\/obchod\/produkt\/sesit-a4-oapraha-cz\/","title":{"rendered":"Se\u0161it A4 oapraha.cz"},"content":{"rendered":"<p>\u0161koln\u00ed se\u0161it Obchodn\u00ed akademie Praha ve velikosti A4. Se\u0161it je ve \u0161koln\u00edch barv\u00e1ch a je \u010dist\u011b b\u00edl\u00fd (bez linek).<\/p>\n","protected":false},"excerpt":{"rendered":"<p>Se\u0161it Obchodn\u00ed akademie Praha m\u00e1 20 b\u00edl\u00fdch list\u016f bez linek.<\/p>\n","protected":false},"author":2,"featured_media":67,"template":"","meta":[],"product_brand":[],"product_cat":[17,24,16,23],"product_tag":[],"class_list":{"0":"post-39","1":"product","2":"type-product","3":"status-publish","4":"has-post-thumbnail","6":"product_cat-oa-vinohrady","7":"product_cat-skolni-predmety-obleceni-oa-andel","8":"product_cat-oa-satalice","9":"product_cat-skolni-predmety-oa-satalice","11":"first","12":"instock","13":"shipping-taxable","14":"purchasable","15":"product-type-simple"},"_links":{"self":[{"href":"https:\/\/shop.hustaskola.cz\/obchod\/wp-json\/wp\/v2\/product\/39","targetHints":{"allow":["GET"]}}],"collection":[{"href":"https:\/\/shop.hustaskola.cz\/obchod\/wp-json\/wp\/v2\/product"}],"about":[{"href":"https:\/\/shop.hustaskola.cz\/obchod\/wp-json\/wp\/v2\/types\/product"}],"author":[{"embeddable":true,"href":"https:\/\/shop.hustaskola.cz\/obchod\/wp-json\/wp\/v2\/users\/2"}],"wp:featuredmedia":[{"embeddable":true,"href":"https:\/\/shop.hustaskola.cz\/obchod\/wp-json\/wp\/v2\/media\/67"}],"wp:attachment":[{"href":"https:\/\/shop.hustaskola.cz\/obchod\/wp-json\/wp\/v2\/media?parent=39"}],"wp:term":[{"taxonomy":"product_brand","embeddable":true,"href":"https:\/\/shop.hustaskola.cz\/obchod\/wp-json\/wp\/v2\/product_brand?post=39"},{"taxonomy":"product_cat","embeddable":true,"href":"https:\/\/shop.hustaskola.cz\/obchod\/wp-json\/wp\/v2\/product_cat?post=39"},{"taxonomy":"product_tag","embeddable":true,"href":"https:\/\/shop.hustaskola.cz\/obchod\/wp-json\/wp\/v2\/product_tag?post=39"}],"curies":[{"name":"wp","href":"https:\/\/api.w.org\/{rel}","templated":true}]}}