{"id":38,"date":"2024-11-19T19:52:58","date_gmt":"2024-11-19T18:52:58","guid":{"rendered":"https:\/\/shop.hustaskola.cz\/obchod\/?post_type=product&#038;p=38"},"modified":"2024-11-20T14:56:08","modified_gmt":"2024-11-20T13:56:08","slug":"a","status":"publish","type":"product","link":"https:\/\/shop.hustaskola.cz\/obchod\/produkt\/a\/","title":{"rendered":"\u017deton do ko\u0161\u00edku"},"content":{"rendered":"<p>\u017deton slou\u017e\u00ed k odem\u010den\u00ed n\u00e1kupn\u00edho voz\u00edku ani\u017e by bylo nutn\u00e9 jej v z\u00e1mku ponechat. Vhodn\u00e9 jako p\u0159\u00edv\u011b\u0161ek na kl\u00ed\u010de.<\/p>\n","protected":false},"excerpt":{"rendered":"<p>\u017deton je vyroben na 3D tisk\u00e1rn\u011b z materi\u00e1lu PETG.<\/p>\n","protected":false},"author":2,"featured_media":255,"template":"","meta":[],"product_brand":[],"product_cat":[17,24,16,23],"product_tag":[],"class_list":{"0":"post-38","1":"product","2":"type-product","3":"status-publish","4":"has-post-thumbnail","6":"product_cat-oa-vinohrady","7":"product_cat-skolni-predmety-obleceni-oa-andel","8":"product_cat-oa-satalice","9":"product_cat-skolni-predmety-oa-satalice","11":"first","12":"instock","13":"shipping-taxable","14":"purchasable","15":"product-type-simple"},"_links":{"self":[{"href":"https:\/\/shop.hustaskola.cz\/obchod\/wp-json\/wp\/v2\/product\/38","targetHints":{"allow":["GET"]}}],"collection":[{"href":"https:\/\/shop.hustaskola.cz\/obchod\/wp-json\/wp\/v2\/product"}],"about":[{"href":"https:\/\/shop.hustaskola.cz\/obchod\/wp-json\/wp\/v2\/types\/product"}],"author":[{"embeddable":true,"href":"https:\/\/shop.hustaskola.cz\/obchod\/wp-json\/wp\/v2\/users\/2"}],"wp:featuredmedia":[{"embeddable":true,"href":"https:\/\/shop.hustaskola.cz\/obchod\/wp-json\/wp\/v2\/media\/255"}],"wp:attachment":[{"href":"https:\/\/shop.hustaskola.cz\/obchod\/wp-json\/wp\/v2\/media?parent=38"}],"wp:term":[{"taxonomy":"product_brand","embeddable":true,"href":"https:\/\/shop.hustaskola.cz\/obchod\/wp-json\/wp\/v2\/product_brand?post=38"},{"taxonomy":"product_cat","embeddable":true,"href":"https:\/\/shop.hustaskola.cz\/obchod\/wp-json\/wp\/v2\/product_cat?post=38"},{"taxonomy":"product_tag","embeddable":true,"href":"https:\/\/shop.hustaskola.cz\/obchod\/wp-json\/wp\/v2\/product_tag?post=38"}],"curies":[{"name":"wp","href":"https:\/\/api.w.org\/{rel}","templated":true}]}}