{"id":344,"date":"2024-11-20T15:28:11","date_gmt":"2024-11-20T14:28:11","guid":{"rendered":"https:\/\/shop.hustaskola.cz\/obchod\/?post_type=product&#038;p=344"},"modified":"2024-11-20T15:33:17","modified_gmt":"2024-11-20T14:33:17","slug":"panske-funkcni-tricko-premium-da","status":"publish","type":"product","link":"https:\/\/shop.hustaskola.cz\/obchod\/produkt\/panske-funkcni-tricko-premium-da\/","title":{"rendered":"P\u00e1nsk\u00e9 funk\u010dn\u00ed tri\u010dko Premium DA"},"content":{"rendered":"<p>&#8211; prody\u0161n\u00fd design pro snadn\u00e9 su\u0161en\u00ed<\/p>\n<p>&#8211; ragl\u00e1nov\u00fd styl<\/p>\n<p>&#8211; kulat\u00fd v\u00fdst\u0159ih<\/p>\n<p>&#8211; gram\u00e1\u017e: 140 GSM<\/p>\n<p>&#8211; slo\u017een\u00ed: 100% polyester barven\u00fd technologi\u00ed space dyeing<\/p>\n<p>&#8211; pr\u00e1t na 30 \u00b0C<\/p>\n<p>&#8211; \u017eehlen\u00ed mimo potisk<\/p>\n<p>&#8211; ned\u00e1vat do su\u0161i\u010dky<\/p>\n","protected":false},"excerpt":{"rendered":"<p>Modern\u00ed a pru\u017en\u00e9 p\u00e1nsk\u00e9 sportovn\u00ed tri\u010dko z rychleschnouc\u00edho a prody\u0161n\u00e9ho materi\u00e1lu pro maxim\u00e1ln\u00ed komfort p\u0159i sportov\u00e1n\u00ed.\u00a0Ragl\u00e1nov\u00e9 ruk\u00e1vy a voln\u00fd st\u0159ih umo\u017e\u0148uj\u00ed\u00a0vynikaj\u00edc\u00ed volnost pohybu.<\/p>\n","protected":false},"author":2,"featured_media":263,"template":"","meta":[],"product_brand":[],"product_cat":[18,20],"product_tag":[],"class_list":{"0":"post-344","1":"product","2":"type-product","3":"status-publish","4":"has-post-thumbnail","6":"product_cat-da-kutna-hora-malin","7":"product_cat-obleceni-da-kutna-hora-malin","9":"first","10":"instock","11":"shipping-taxable","12":"purchasable","13":"product-type-variable","14":"has-default-attributes"},"_links":{"self":[{"href":"https:\/\/shop.hustaskola.cz\/obchod\/wp-json\/wp\/v2\/product\/344","targetHints":{"allow":["GET"]}}],"collection":[{"href":"https:\/\/shop.hustaskola.cz\/obchod\/wp-json\/wp\/v2\/product"}],"about":[{"href":"https:\/\/shop.hustaskola.cz\/obchod\/wp-json\/wp\/v2\/types\/product"}],"author":[{"embeddable":true,"href":"https:\/\/shop.hustaskola.cz\/obchod\/wp-json\/wp\/v2\/users\/2"}],"wp:featuredmedia":[{"embeddable":true,"href":"https:\/\/shop.hustaskola.cz\/obchod\/wp-json\/wp\/v2\/media\/263"}],"wp:attachment":[{"href":"https:\/\/shop.hustaskola.cz\/obchod\/wp-json\/wp\/v2\/media?parent=344"}],"wp:term":[{"taxonomy":"product_brand","embeddable":true,"href":"https:\/\/shop.hustaskola.cz\/obchod\/wp-json\/wp\/v2\/product_brand?post=344"},{"taxonomy":"product_cat","embeddable":true,"href":"https:\/\/shop.hustaskola.cz\/obchod\/wp-json\/wp\/v2\/product_cat?post=344"},{"taxonomy":"product_tag","embeddable":true,"href":"https:\/\/shop.hustaskola.cz\/obchod\/wp-json\/wp\/v2\/product_tag?post=344"}],"curies":[{"name":"wp","href":"https:\/\/api.w.org\/{rel}","templated":true}]}}