{"id":30,"date":"2024-11-19T19:47:32","date_gmt":"2024-11-19T18:47:32","guid":{"rendered":"https:\/\/shop.hustaskola.cz\/obchod\/?post_type=product&#038;p=30"},"modified":"2024-11-19T19:51:47","modified_gmt":"2024-11-19T18:51:47","slug":"vak-na-zada","status":"publish","type":"product","link":"https:\/\/shop.hustaskola.cz\/obchod\/produkt\/vak-na-zada\/","title":{"rendered":"Vak na z\u00e1da"},"content":{"rendered":"<p>EKO BAT\u016e\u017dEK NA Z\u00c1DA s logem Obchodn\u00ed akademie Praha<\/p>\n<p><strong class=\"text-bold\">\u00a0100% ORGANICK\u00c1 BAVLNA,\u00a0 JEDN\u00c1 SE O EKOLOGICKY ZPRACOVAN\u00dd V\u00ddROBEK<\/strong><\/p>\n<p>&#8211; stahov\u00e1n\u00ed na \u0161\u0148\u016frku<\/p>\n<p>&#8211; uchycen\u00ed \u0161\u0148\u016frek zvenku, pro lep\u0161\u00ed p\u0159\u00edstup k dekoraci<\/p>\n<p>&#8211; objem: 12 litr\u016f<\/p>\n<p>&#8211; rozm\u011bry: 37 x 46 cm<\/p>\n<p>&#8211; logo \u0161koly Obchodn\u00ed akademie Praha<\/p>\n","protected":false},"excerpt":{"rendered":"<p>EKO BAT\u016e\u017dEK NA Z\u00c1DA s logem Obchodn\u00ed akademie Praha<\/p>\n","protected":false},"author":2,"featured_media":31,"template":"","meta":[],"product_brand":[],"product_cat":[17,24,16,23],"product_tag":[],"class_list":{"0":"post-30","1":"product","2":"type-product","3":"status-publish","4":"has-post-thumbnail","6":"product_cat-oa-vinohrady","7":"product_cat-skolni-predmety-obleceni-oa-andel","8":"product_cat-oa-satalice","9":"product_cat-skolni-predmety-oa-satalice","11":"first","12":"instock","13":"shipping-taxable","14":"purchasable","15":"product-type-variable"},"_links":{"self":[{"href":"https:\/\/shop.hustaskola.cz\/obchod\/wp-json\/wp\/v2\/product\/30","targetHints":{"allow":["GET"]}}],"collection":[{"href":"https:\/\/shop.hustaskola.cz\/obchod\/wp-json\/wp\/v2\/product"}],"about":[{"href":"https:\/\/shop.hustaskola.cz\/obchod\/wp-json\/wp\/v2\/types\/product"}],"author":[{"embeddable":true,"href":"https:\/\/shop.hustaskola.cz\/obchod\/wp-json\/wp\/v2\/users\/2"}],"wp:featuredmedia":[{"embeddable":true,"href":"https:\/\/shop.hustaskola.cz\/obchod\/wp-json\/wp\/v2\/media\/31"}],"wp:attachment":[{"href":"https:\/\/shop.hustaskola.cz\/obchod\/wp-json\/wp\/v2\/media?parent=30"}],"wp:term":[{"taxonomy":"product_brand","embeddable":true,"href":"https:\/\/shop.hustaskola.cz\/obchod\/wp-json\/wp\/v2\/product_brand?post=30"},{"taxonomy":"product_cat","embeddable":true,"href":"https:\/\/shop.hustaskola.cz\/obchod\/wp-json\/wp\/v2\/product_cat?post=30"},{"taxonomy":"product_tag","embeddable":true,"href":"https:\/\/shop.hustaskola.cz\/obchod\/wp-json\/wp\/v2\/product_tag?post=30"}],"curies":[{"name":"wp","href":"https:\/\/api.w.org\/{rel}","templated":true}]}}