{"id":284,"date":"2024-11-20T15:19:01","date_gmt":"2024-11-20T14:19:01","guid":{"rendered":"https:\/\/shop.hustaskola.cz\/obchod\/?post_type=product&#038;p=284"},"modified":"2024-11-20T15:22:56","modified_gmt":"2024-11-20T14:22:56","slug":"mikina-premium-da","status":"publish","type":"product","link":"https:\/\/shop.hustaskola.cz\/obchod\/produkt\/mikina-premium-da\/","title":{"rendered":"Mikina Premium DA"},"content":{"rendered":"<p>&#8211; velmi p\u0159\u00edjemn\u00e1 mikina na dotek d\u00edky vy\u0161\u0161\u00edmu pod\u00edlu bavlny<\/p>\n<p>&#8211; slo\u017een\u00ed: 80% bavlny, 20% polyesteru<\/p>\n<p>&#8211; dvojit\u00e1 kapuce<\/p>\n<p>&#8211; kapsa klokanka<\/p>\n<p>&#8211; v zim\u011b zah\u0159eje d\u00edky gram\u00e1\u017ei 280 GMS<\/p>\n<p>&#8211; lze pr\u00e1t ve 30\u00b0, vhodn\u00e9 do su\u0161i\u010dky, \u017eehlen\u00ed dovoleno (mimo potisk)<\/p>\n","protected":false},"excerpt":{"rendered":"<p>Mikina Premium DA s kapuc\u00ed a kapsou (klokankou).<\/p>\n","protected":false},"author":2,"featured_media":310,"template":"","meta":[],"product_brand":[],"product_cat":[18,20],"product_tag":[],"class_list":{"0":"post-284","1":"product","2":"type-product","3":"status-publish","4":"has-post-thumbnail","6":"product_cat-da-kutna-hora-malin","7":"product_cat-obleceni-da-kutna-hora-malin","9":"first","10":"instock","11":"shipping-taxable","12":"purchasable","13":"product-type-variable","14":"has-default-attributes"},"_links":{"self":[{"href":"https:\/\/shop.hustaskola.cz\/obchod\/wp-json\/wp\/v2\/product\/284","targetHints":{"allow":["GET"]}}],"collection":[{"href":"https:\/\/shop.hustaskola.cz\/obchod\/wp-json\/wp\/v2\/product"}],"about":[{"href":"https:\/\/shop.hustaskola.cz\/obchod\/wp-json\/wp\/v2\/types\/product"}],"author":[{"embeddable":true,"href":"https:\/\/shop.hustaskola.cz\/obchod\/wp-json\/wp\/v2\/users\/2"}],"wp:featuredmedia":[{"embeddable":true,"href":"https:\/\/shop.hustaskola.cz\/obchod\/wp-json\/wp\/v2\/media\/310"}],"wp:attachment":[{"href":"https:\/\/shop.hustaskola.cz\/obchod\/wp-json\/wp\/v2\/media?parent=284"}],"wp:term":[{"taxonomy":"product_brand","embeddable":true,"href":"https:\/\/shop.hustaskola.cz\/obchod\/wp-json\/wp\/v2\/product_brand?post=284"},{"taxonomy":"product_cat","embeddable":true,"href":"https:\/\/shop.hustaskola.cz\/obchod\/wp-json\/wp\/v2\/product_cat?post=284"},{"taxonomy":"product_tag","embeddable":true,"href":"https:\/\/shop.hustaskola.cz\/obchod\/wp-json\/wp\/v2\/product_tag?post=284"}],"curies":[{"name":"wp","href":"https:\/\/api.w.org\/{rel}","templated":true}]}}