{"id":2257,"date":"2025-09-12T11:42:54","date_gmt":"2025-09-12T09:42:54","guid":{"rendered":"https:\/\/shop.hustaskola.cz\/obchod\/?post_type=product&#038;p=2257"},"modified":"2025-12-21T21:25:55","modified_gmt":"2025-12-21T20:25:55","slug":"pripravne-kurzy-k-prijimacim-zkouskam-da","status":"publish","type":"product","link":"https:\/\/shop.hustaskola.cz\/obchod\/produkt\/pripravne-kurzy-k-prijimacim-zkouskam-da\/","title":{"rendered":"P\u0159\u00edpravn\u00e9 kurzy k p\u0159ij\u00edmac\u00edm zkou\u0161k\u00e1m na st\u0159edn\u00ed \u0161koly (DA Kutn\u00e1 Hora)"},"content":{"rendered":"<ul>\n<li style=\"list-style-type: none;\">\n<ul>\n<li><a href=\"#pro_koho\">Pro koho je kurz ur\u010den<\/a><\/li>\n<li><a href=\"#prubeh_vyuky\">Jak\u00a0prob\u00edh\u00e1 v\u00fduka<\/a><\/li>\n<li><a href=\"#co_ucastnik_ziska\">Co \u00fa\u010dastn\u00edk z\u00edsk\u00e1<\/a><\/li>\n<li><a href=\"#varianty\">Nab\u00edzen\u00e9 varianty kurzu<\/a><\/li>\n<li><a href=\"#co_se_zaci_nauci\">Co se v kurzu \u017e\u00e1ci nau\u010d\u00ed<\/a><\/li>\n<li><a href=\"#nasi_lektori\">Na\u0161i lekto\u0159i<\/a><\/li>\n<li><a href=\"#terminy_organizace\">Term\u00edny a organizace<\/a><\/li>\n<li><a href=\"#cena\">Cena kurzu<\/a><\/li>\n<\/ul>\n<\/li>\n<\/ul>\n<h2 id=\"pro_koho\"><span style=\"font-size: 22pt;\">\ud83c\udfaf Pro koho je kurz ur\u010den<\/span><\/h2>\n<p>Kurz je ur\u010den:<\/p>\n<ul>\n<li><strong>\u017e\u00e1k\u016fm 5. t\u0159\u00edd<\/strong>, kte\u0159\u00ed se p\u0159ipravuj\u00ed na p\u0159ij\u00edmac\u00ed zkou\u0161ky na v\u00edcelet\u00e1 gymn\u00e1zia,<\/li>\n<li><strong>\u017e\u00e1k\u016fm 8. a 9. t\u0159\u00edd<\/strong>, kte\u0159\u00ed se hl\u00e1s\u00ed na st\u0159edn\u00ed \u0161koly a \u010dty\u0159let\u00e1 gymn\u00e1zia.<\/li>\n<\/ul>\n<p>Je vhodn\u00fd jak pro \u017e\u00e1ky, kte\u0159\u00ed s p\u0159\u00edpravou teprve za\u010d\u00ednaj\u00ed, tak pro ty, kte\u0159\u00ed si pot\u0159ebuj\u00ed systematicky upevnit znalosti, procvi\u010dit si problematick\u00e9 okruhy a osvojit si strategii \u0159e\u0161en\u00ed <strong>test\u016f CERMAT<\/strong>.<\/p>\n<h2 id=\"prubeh_vyuky\"><span style=\"font-size: 22pt;\">\ud83d\udc69\u200d\ud83c\udfeb Jak prob\u00edh\u00e1 v\u00fduka<\/span><\/h2>\n<ul>\n<li>v\u00fduka prob\u00edh\u00e1 osobn\u011b v prostor\u00e1ch na\u0161\u00ed akademie<\/li>\n<li>ka\u017ed\u00fd t\u00fdden se prob\u00edr\u00e1 jin\u00fd tematick\u00fd celek<\/li>\n<li>pracujeme s ofici\u00e1ln\u00edmi testy CERMAT i vlastn\u00edmi studijn\u00edmi materi\u00e1ly<\/li>\n<li>\u017e\u00e1ci dost\u00e1vaj\u00ed <strong>pr\u016fb\u011b\u017en\u00e9 hodnocen\u00ed<\/strong> ze strany lektora a <strong>doporu\u010den\u00ed<\/strong>, na co se d\u00e1le zam\u011b\u0159it<\/li>\n<\/ul>\n<h2 id=\"co_ucastnik_ziska\"><span style=\"font-size: 22pt;\">\ud83d\udc68\u200d\ud83c\udf93 Co \u00fa\u010dastn\u00edk z\u00edsk\u00e1<\/span><\/h2>\n<p>\u2705 C\u00edlen\u00e1 a pravideln\u00e1 p\u0159\u00edprava na p\u0159ij\u00edma\u010dky<\/p>\n<p>\u2705 P\u0159ehled o typov\u00fdch \u00faloh\u00e1ch<\/p>\n<p>\u2705 Spr\u00e1vn\u00e9 postupy a pr\u00e1ce s testovou strategi\u00ed<\/p>\n<p>\u2705 V\u011bt\u0161\u00ed jistota a klid u zkou\u0161ky<\/p>\n<p>\u2705 Pr\u016fb\u011b\u017en\u00e1 zp\u011btn\u00e1 vazba a doporu\u010den\u00ed<\/p>\n<h2 id=\"varianty\"><span style=\"font-size: 22pt;\">\ud83d\udcda Nab\u00edzen\u00e9 varianty kurzu<\/span><\/h2>\n<p>Ka\u017ed\u00fd si m\u016f\u017ee zvolit variantu dle vlastn\u00edch pot\u0159eb.<\/p>\n<table border=\"1\" cellspacing=\"0\" cellpadding=\"8\">\n<tbody>\n<tr>\n<th>Varianta<\/th>\n<th>Obsah kurzu<\/th>\n<th>Vhodn\u00e9 pro<\/th>\n<\/tr>\n<tr>\n<td>\u010cJL + MAT<\/td>\n<td>Standardn\u00ed kombinace pro jednotn\u00e9 p\u0159ij\u00edmac\u00ed zkou\u0161ky.<\/td>\n<td>V\u011bt\u0161ina S\u0160 a gymn\u00e1zi\u00ed.<\/td>\n<\/tr>\n<tr>\n<td>ANJ<\/td>\n<td>Dopl\u0148kov\u00fd kurz zam\u011b\u0159en\u00fd na jazykov\u00e9 dovednosti a didaktick\u00e9 testy z angli\u010dtiny.<\/td>\n<td>\u017d\u00e1ci, kte\u0159\u00ed cht\u011bj\u00ed pos\u00edlit jazykovou \u010d\u00e1st.<\/td>\n<\/tr>\n<\/tbody>\n<\/table>\n<h2 id=\"co_se_zaci_nauci\"><span style=\"font-size: 22pt;\">\ud83d\udcd8 Co se v kurzu \u017e\u00e1ci nau\u010d\u00ed?<\/span><\/h2>\n<table cellspacing=\"0\" cellpadding=\"8\">\n<tbody>\n<tr>\n<td><\/td>\n<td><strong>\u010cesk\u00fd jazyk a literatura<\/strong><\/td>\n<td><\/td>\n<td><strong>Matematika<\/strong><\/td>\n<td><\/td>\n<td><strong>Angli\u010dtina<\/strong><\/td>\n<\/tr>\n<tr>\n<td>\u2714\ufe0f<\/td>\n<td>pravopis, jazykov\u00e1 pravidla a stavba v\u011bt<\/td>\n<td>\u2714\ufe0f<\/td>\n<td>z\u00e1kladn\u00ed po\u010detn\u00ed operace, procenta a slovn\u00ed \u00falohy<\/td>\n<td>\u2714\ufe0f<\/td>\n<td>gramatika (slovesn\u00e9 \u010dasy, podm\u00ednkov\u00e9 v\u011bty, trpn\u00fd rod)<\/td>\n<\/tr>\n<tr>\n<td>\u2714\ufe0f<\/td>\n<td>porozum\u011bn\u00ed textu a rozvoj \u010dten\u00e1\u0159sk\u00fdch dovednost\u00ed<\/td>\n<td>\u2714\ufe0f<\/td>\n<td>rovnice, geometrie a p\u0159evody jednotek<\/td>\n<td>\u2714\ufe0f<\/td>\n<td>\u010dten\u00ed s porozum\u011bn\u00edm a poslechov\u00e1 cvi\u010den\u00ed<\/td>\n<\/tr>\n<tr>\n<td>\u2714\ufe0f<\/td>\n<td>slohov\u00e9 pr\u00e1ce a \u0159e\u0161en\u00ed typov\u00fdch \u00faloh CERMAT<\/td>\n<td>\u2714\ufe0f<\/td>\n<td>procvi\u010den\u00ed nej\u010dast\u011bj\u0161\u00edch typ\u016f \u00faloh z p\u0159ij\u00edmac\u00edch zkou\u0161ek<\/td>\n<td>\u2714\ufe0f<\/td>\n<td>roz\u0161i\u0159ov\u00e1n\u00ed slovn\u00ed z\u00e1soby podle t\u00e9mat typick\u00fdch pro zkou\u0161ky<\/td>\n<\/tr>\n<tr>\n<td>\u2714\ufe0f<\/td>\n<td>postupy, jak zvl\u00e1dat test i p\u0159i \u010dasov\u00e9m omezen\u00ed<\/td>\n<td>\u2714\ufe0f<\/td>\n<td>systematick\u00fd tr\u00e9nink pr\u00e1ce s testem krok po kroku<\/td>\n<td>\u2714\ufe0f<\/td>\n<td>modelov\u00e9 testy a n\u00e1sledn\u00e1 zp\u011btn\u00e1 vazba od lektora<\/td>\n<\/tr>\n<\/tbody>\n<\/table>\n<h2 id=\"nasi_lektori\"><span style=\"font-size: 22pt;\">\ud83e\uddd1\u200d\ud83c\udfeb Na\u0161i lekto\u0159i<\/span><\/h2>\n<ul>\n<li>5. ro\u010dn\u00edky vyu\u010duj\u00ed: <strong>Mgr. Aubrechtov\u00e1<\/strong> a <strong>Mgr. Jermakov\u00e1<\/strong><\/li>\n<li>8. a 9. ro\u010dn\u00edky vyu\u010duj\u00ed: <strong>Mgr. Aubrechtov\u00e1<\/strong> a <strong>Ing. Reichel<\/strong><\/li>\n<\/ul>\n<style>\n  .lectors-wrap p,<br \/>\n  .lectors-wrap br{<br \/>\n    display:none !important;<br \/>\n    margin:0 !important;<br \/>\n    padding:0 !important;<br \/>\n    height:0 !important;<br \/>\n    line-height:0 !important;<br \/>\n  }<br \/>\n<\/style>\n<div class=\"lectors-wrap\" style=\"display: flex; gap: 16px; flex-wrap: wrap; align-items: flex-start; justify-content: center;\">\n<div style=\"width: 100%; max-width: 364px; flex: 0 0 364px; align-self: flex-start; height: auto; background: #fff; overflow: hidden; box-shadow: 0 8px 24px rgba(0,0,0,.12); font-family: Arial,Helvetica,sans-serif;\">\n<div style=\"height: 340px; background: #fff; display: flex; align-items: center; justify-content: center;\"><img decoding=\"async\" style=\"width: 100%; height: 100%; display: block; object-fit: contain; object-position: center;\" src=\"https:\/\/www.dahora.cz\/wp-content\/uploads\/2025\/09\/veronika-aubrechtova.png\" alt=\"Portr\u00e9t Veroniky Aubrechtov\u00e9\" title=\"\"><\/div>\n<div style=\"min-height: 80px; background: #39648f; color: #fff; display: flex; flex-direction: column; align-items: center; justify-content: center; text-align: center; padding: 10px 14px; box-sizing: border-box; overflow-wrap: anywhere; word-break: break-word;\">\n<div style=\"font-size: 22px; font-weight: bold; line-height: 1.1; margin: 0 0 6px 0;\">Mgr. Veronika Aubrechtov\u00e1<\/div>\n<div style=\"font-size: 14px; font-weight: 500; line-height: 1.2; margin: 0; opacity: .95;\">\u25ab\ufe0f Lektorka kurzu \u010desk\u00e9ho jazyka<\/div>\n<\/div>\n<\/div>\n<div style=\"width: 100%; max-width: 364px; flex: 0 0 364px; align-self: flex-start; height: auto; background: #fff; overflow: hidden; box-shadow: 0 8px 24px rgba(0,0,0,.12); font-family: Arial,Helvetica,sans-serif;\">\n<div style=\"height: 340px; background: #fff; display: flex; align-items: center; justify-content: center;\"><img decoding=\"async\" style=\"width: 100%; height: 100%; display: block; object-fit: contain; object-position: center;\" src=\"https:\/\/www.dahora.cz\/wp-content\/uploads\/2024\/09\/nataliia-jermakova.png\" alt=\"Portr\u00e9t Nat\u00e1liie Jermakov\u00e9\" title=\"\"><\/div>\n<div style=\"min-height: 80px; background: #39648f; color: #fff; display: flex; flex-direction: column; align-items: center; justify-content: center; text-align: center; padding: 10px 14px; box-sizing: border-box; overflow-wrap: anywhere; word-break: break-word;\">\n<div style=\"font-size: 22px; font-weight: bold; line-height: 1.1; margin: 0 0 6px 0;\">Mgr. Nat\u00e1liia Jermakov\u00e1<\/div>\n<div style=\"font-size: 14px; font-weight: 500; line-height: 1.2; margin: 0; opacity: .95;\">\u25ab\ufe0f Lektorka kurzu matematiky<\/div>\n<\/div>\n<\/div>\n<div style=\"width: 100%; max-width: 364px; flex: 0 0 364px; align-self: flex-start; height: auto; background: #fff; overflow: hidden; box-shadow: 0 8px 24px rgba(0,0,0,.12); font-family: Arial,Helvetica,sans-serif;\">\n<div style=\"height: 340px; background: #fff; display: flex; align-items: center; justify-content: center;\"><img decoding=\"async\" style=\"width: 100%; height: 100%; display: block; object-fit: contain; object-position: center;\" src=\"https:\/\/www.dahora.cz\/wp-content\/uploads\/2025\/09\/jiri-reichel.png\" alt=\"Portr\u00e9t Ji\u0159\u00edho Reichla\" title=\"\"><\/div>\n<div style=\"min-height: 80px; background: #39648f; color: #fff; display: flex; flex-direction: column; align-items: center; justify-content: center; text-align: center; padding: 10px 14px; box-sizing: border-box; overflow-wrap: anywhere; word-break: break-word;\">\n<div style=\"font-size: 22px; font-weight: bold; line-height: 1.1; margin: 0 0 6px 0;\">Ing. Ji\u0159\u00ed Reichel<\/div>\n<div style=\"font-size: 14px; font-weight: 500; line-height: 1.2; margin: 0; opacity: .95;\">\u25ab\ufe0f Lektor kurzu matematiky<\/div>\n<\/div>\n<\/div>\n<\/div>\n<h2 id=\"terminy_organizace\"><span style=\"font-size: 22pt;\"><br \/>\n\ud83d\udd52 Term\u00edny a organizace kurzu<\/span><\/h2>\n<ul>\n<li style=\"list-style-type: none;\">\n<ul>\n<li><strong>Za\u010d\u00e1tek kurzu<\/strong>\n<ul>\n<li>5. ro\u010dn\u00edky: 7.10.2025<\/li>\n<li>8.-9. ro\u010dn\u00edky: 9.10.2025<\/li>\n<li>P\u0159ihl\u00e1sit se v\u0161ak m\u016f\u017eete i<strong> v pr\u016fb\u011bhu<\/strong>.<\/li>\n<\/ul>\n<\/li>\n<li><strong>Frekvence v\u00fduky:<\/strong> 1x t\u00fddn\u011b odpoledne (dle zvolen\u00e9 kombinace p\u0159edm\u011bt\u016f)<\/li>\n<li>V\u00fduka prob\u00edh\u00e1 v men\u0161\u00edch skupin\u00e1ch, aby byl zachov\u00e1n<strong> individu\u00e1ln\u00ed p\u0159\u00edstup<\/strong>.<\/li>\n<\/ul>\n<\/li>\n<\/ul>\n<p><strong>\u010cesk\u00fd jazyk a matematika<\/strong><\/p>\n<table border=\"1\" cellspacing=\"0\" cellpadding=\"8\">\n<tbody>\n<tr>\n<th>Ro\u010dn\u00edk<\/th>\n<th>Den<\/th>\n<th>\u010cas<\/th>\n<\/tr>\n<tr>\n<td>5. ro\u010dn\u00edk<\/td>\n<td>\u00dater\u00fd<\/td>\n<td>13:40 &#8211; 15:15<\/td>\n<\/tr>\n<tr>\n<td>8.-9. ro\u010dn\u00edk<\/td>\n<td>\u010ctvrtek<\/td>\n<td>14:30 &#8211; 16:05<\/td>\n<\/tr>\n<\/tbody>\n<\/table>\n<p><strong>Angli\u010dtina<\/strong><\/p>\n<table border=\"1\" cellspacing=\"0\" cellpadding=\"8\">\n<tbody>\n<tr>\n<th>Ro\u010dn\u00edk<\/th>\n<th>Den<\/th>\n<th>\u010cas<\/th>\n<\/tr>\n<tr>\n<td>5. ro\u010dn\u00edk<\/td>\n<td>Pond\u011bl\u00ed<\/td>\n<td>13:50 &#8211; 14:35<\/td>\n<\/tr>\n<tr>\n<td>8.-9. ro\u010dn\u00edk<\/td>\n<td>\u010ctvrtek<\/td>\n<td>16:10 &#8211; 16:55<\/td>\n<\/tr>\n<\/tbody>\n<\/table>\n<h3><strong><span style=\"font-size: 16pt;\">M\u00edsto kon\u00e1n\u00ed<\/span><\/strong><\/h3>\n<p><strong>Digital Academy \u2013 Obchodn\u00ed akademie Kutn\u00e1 Hora<\/strong><br \/>\n\ud83d\udccdPod \u0160kolou 167, 284 01 Kutn\u00e1 Hora 1<\/p>\n<h3><strong><span style=\"font-size: 16pt;\">Kontakty<\/span><\/strong><\/h3>\n<p>\ud83d\udcde Telefon: 737 774 713, 737 080 807<br \/>\n\ud83d\udce7 E-mail: michaela.vackova@dahora.cz<\/p>\n<h2 id=\"cena\"><span style=\"font-size: 22pt;\">\ud83d\udcb0 Cena kurzu a co je zahrnuto<\/span><\/h2>\n<p><strong>Cena kurzu:<\/strong><\/p>\n<ul>\n<li style=\"list-style-type: none;\">\n<ul>\n<li style=\"list-style-type: none;\">\n<ul>\n<li>\u010cJL + MAT: 7 600 K\u010d<\/li>\n<li>ANJ: 4 800 K\u010d<\/li>\n<\/ul>\n<\/li>\n<\/ul>\n<\/li>\n<\/ul>\n<p><strong>V cen\u011b kurzu je zahrnuto:<\/strong><\/p>\n<ul>\n<li style=\"list-style-type: none;\">\n<ul>\n<li>pravideln\u00e1 prezen\u010dn\u00ed v\u00fduka<\/li>\n<li>studijn\u00ed materi\u00e1ly a pracovn\u00ed listy<\/li>\n<li>individu\u00e1ln\u00ed zp\u011btn\u00e1 vazba lektora<\/li>\n<li>z\u00e1v\u011bre\u010dn\u00fd test nane\u010disto<\/li>\n<\/ul>\n<\/li>\n<\/ul>\n","protected":false},"excerpt":{"rendered":"<p><a href=\"https:\/\/www.dahora.cz\/\" target=\"_blank\" rel=\"noopener\"><img decoding=\"async\" class=\"alignnone size-medium wp-image-2495\" src=\"https:\/\/shop.hustaskola.cz\/wp-content\/uploads\/2025\/09\/dahora-logo-bile-modre-pozadi-jpg-300x70.jpg\" alt=\"Digital Academy Kutn\u00e1 Hora - logo\" width=\"300\" height=\"70\" srcset=\"https:\/\/shop.hustaskola.cz\/wp-content\/uploads\/2025\/09\/dahora-logo-bile-modre-pozadi-jpg-300x70.jpg 300w, https:\/\/shop.hustaskola.cz\/wp-content\/uploads\/2025\/09\/dahora-logo-bile-modre-pozadi-jpg-1024x239.jpg 1024w, https:\/\/shop.hustaskola.cz\/wp-content\/uploads\/2025\/09\/dahora-logo-bile-modre-pozadi-jpg-768x179.jpg 768w, https:\/\/shop.hustaskola.cz\/wp-content\/uploads\/2025\/09\/dahora-logo-bile-modre-pozadi-jpg-600x140.jpg 600w, https:\/\/shop.hustaskola.cz\/wp-content\/uploads\/2025\/09\/dahora-logo-bile-modre-pozadi-jpg-1536x359.jpg 1536w, https:\/\/shop.hustaskola.cz\/wp-content\/uploads\/2025\/09\/dahora-logo-bile-modre-pozadi-jpg-2048x478.jpg 2048w, https:\/\/shop.hustaskola.cz\/wp-content\/uploads\/2025\/09\/dahora-logo-bile-modre-pozadi-jpg-1300x304.jpg 1300w\" sizes=\"(max-width: 300px) 100vw, 300px\" \/><\/a><br \/><\/br><\/p>\n<p>Kurz je ur\u010den <strong>\u017e\u00e1k\u016fm 5. a 8.-9. t\u0159\u00edd<\/strong>, kte\u0159\u00ed se p\u0159ipravuj\u00ed na p\u0159ij\u00edmac\u00ed zkou\u0161ky na st\u0159edn\u00ed \u0161koly, \u010dty\u0159let\u00e1 i v\u00edcelet\u00e1 gymn\u00e1zia.<br \/><\/br><\/p>\n<p>B\u011bhem v\u00fduky si systematicky procvi\u010d\u00ed \u010desk\u00fd jazyk i matematiku podle aktu\u00e1ln\u00edch po\u017eadavk\u016f <strong>CERMAT<\/strong> a nau\u010d\u00ed se strategie, jak \u00falohy spr\u00e1vn\u011b a efektivn\u011b \u0159e\u0161it. Sou\u010d\u00e1st\u00ed p\u0159\u00edpravy m\u016f\u017ee b\u00fdt tak\u00e9 <strong>procvi\u010dov\u00e1n\u00ed anglick\u00e9ho jazyka<\/strong> dle pot\u0159eb \u017e\u00e1k\u016f.<br \/><\/br><\/p>\n<p>V\u00fduka prob\u00edh\u00e1 pravideln\u011b jednou t\u00fddn\u011b po cel\u00fd \u0161koln\u00ed rok.<strong> Za\u010d\u00e1tek 7.10. <\/strong>pro \u017e\u00e1ky 5. t\u0159\u00edd a <strong>9.10.<\/strong> pro \u017e\u00e1ky 8. a 9. t\u0159\u00edd. <strong>P\u0159ihl\u00e1\u0161en\u00ed mo\u017en\u00e9 i v pr\u016fb\u011bhu.<\/strong><br \/><\/br><\/p>\n<p>\ud83d\udccd<strong>M\u00edsto:<\/strong> Digital Academy \u2013 Obchodn\u00ed akademie Kutn\u00e1 Hora<br \/>\n\u261d\ufe0fKapacita je omezen\u00e1 \u2013 p\u0159ihlaste se v\u010das.<\/p>\n","protected":false},"author":2,"featured_media":2366,"template":"","meta":[],"product_brand":[],"product_cat":[33,35,18],"product_tag":[],"class_list":{"0":"post-2257","1":"product","2":"type-product","3":"status-publish","4":"has-post-thumbnail","6":"product_cat-kurzy","7":"product_cat-kurzyda","8":"product_cat-da-kutna-hora-malin","10":"first","11":"instock","12":"shipping-taxable","13":"purchasable","14":"product-type-variable"},"_links":{"self":[{"href":"https:\/\/shop.hustaskola.cz\/obchod\/wp-json\/wp\/v2\/product\/2257","targetHints":{"allow":["GET"]}}],"collection":[{"href":"https:\/\/shop.hustaskola.cz\/obchod\/wp-json\/wp\/v2\/product"}],"about":[{"href":"https:\/\/shop.hustaskola.cz\/obchod\/wp-json\/wp\/v2\/types\/product"}],"author":[{"embeddable":true,"href":"https:\/\/shop.hustaskola.cz\/obchod\/wp-json\/wp\/v2\/users\/2"}],"wp:featuredmedia":[{"embeddable":true,"href":"https:\/\/shop.hustaskola.cz\/obchod\/wp-json\/wp\/v2\/media\/2366"}],"wp:attachment":[{"href":"https:\/\/shop.hustaskola.cz\/obchod\/wp-json\/wp\/v2\/media?parent=2257"}],"wp:term":[{"taxonomy":"product_brand","embeddable":true,"href":"https:\/\/shop.hustaskola.cz\/obchod\/wp-json\/wp\/v2\/product_brand?post=2257"},{"taxonomy":"product_cat","embeddable":true,"href":"https:\/\/shop.hustaskola.cz\/obchod\/wp-json\/wp\/v2\/product_cat?post=2257"},{"taxonomy":"product_tag","embeddable":true,"href":"https:\/\/shop.hustaskola.cz\/obchod\/wp-json\/wp\/v2\/product_tag?post=2257"}],"curies":[{"name":"wp","href":"https:\/\/api.w.org\/{rel}","templated":true}]}}