{"id":215,"date":"2024-11-19T21:29:57","date_gmt":"2024-11-19T20:29:57","guid":{"rendered":"https:\/\/shop.hustaskola.cz\/obchod\/?post_type=product&#038;p=215"},"modified":"2024-11-20T15:18:17","modified_gmt":"2024-11-20T14:18:17","slug":"mikina-college-da","status":"publish","type":"product","link":"https:\/\/shop.hustaskola.cz\/obchod\/produkt\/mikina-college-da\/","title":{"rendered":"Mikina College DA"},"content":{"rendered":"<p>&#8211; padne kluk\u016fm i holk\u00e1m<\/p>\n<p>&#8211; siln\u011bj\u0161\u00ed gram\u00e1\u017e: 330 GSM<\/p>\n<p>&#8211; pou\u017eit\u00e9 l\u00e1tky: 70% bavlna, 30% polyester<\/p>\n<p>College mikina m\u00e1 mal\u00fd potisk na prsou.<\/p>\n","protected":false},"excerpt":{"rendered":"<p>Mikina College DA bez kapuce -zap\u00edn\u00e1n\u00edm na kovov\u00e9 cvo\u010dky.<\/p>\n","protected":false},"author":2,"featured_media":280,"template":"","meta":[],"product_brand":[],"product_cat":[18,20],"product_tag":[],"class_list":{"0":"post-215","1":"product","2":"type-product","3":"status-publish","4":"has-post-thumbnail","6":"product_cat-da-kutna-hora-malin","7":"product_cat-obleceni-da-kutna-hora-malin","9":"first","10":"instock","11":"shipping-taxable","12":"purchasable","13":"product-type-variable","14":"has-default-attributes"},"_links":{"self":[{"href":"https:\/\/shop.hustaskola.cz\/obchod\/wp-json\/wp\/v2\/product\/215","targetHints":{"allow":["GET"]}}],"collection":[{"href":"https:\/\/shop.hustaskola.cz\/obchod\/wp-json\/wp\/v2\/product"}],"about":[{"href":"https:\/\/shop.hustaskola.cz\/obchod\/wp-json\/wp\/v2\/types\/product"}],"author":[{"embeddable":true,"href":"https:\/\/shop.hustaskola.cz\/obchod\/wp-json\/wp\/v2\/users\/2"}],"wp:featuredmedia":[{"embeddable":true,"href":"https:\/\/shop.hustaskola.cz\/obchod\/wp-json\/wp\/v2\/media\/280"}],"wp:attachment":[{"href":"https:\/\/shop.hustaskola.cz\/obchod\/wp-json\/wp\/v2\/media?parent=215"}],"wp:term":[{"taxonomy":"product_brand","embeddable":true,"href":"https:\/\/shop.hustaskola.cz\/obchod\/wp-json\/wp\/v2\/product_brand?post=215"},{"taxonomy":"product_cat","embeddable":true,"href":"https:\/\/shop.hustaskola.cz\/obchod\/wp-json\/wp\/v2\/product_cat?post=215"},{"taxonomy":"product_tag","embeddable":true,"href":"https:\/\/shop.hustaskola.cz\/obchod\/wp-json\/wp\/v2\/product_tag?post=215"}],"curies":[{"name":"wp","href":"https:\/\/api.w.org\/{rel}","templated":true}]}}