{"id":197,"date":"2024-11-19T21:26:35","date_gmt":"2024-11-19T20:26:35","guid":{"rendered":"https:\/\/shop.hustaskola.cz\/obchod\/?post_type=product&#038;p=197"},"modified":"2024-11-20T15:14:53","modified_gmt":"2024-11-20T14:14:53","slug":"satek","status":"publish","type":"product","link":"https:\/\/shop.hustaskola.cz\/obchod\/produkt\/satek\/","title":{"rendered":"\u0160\u00e1tek"},"content":{"rendered":"<p>Oran\u017eov\u00fd \u0161\u00e1tek m\u00e1 ve spodn\u00ed \u010d\u00e1sti logo \u0161koly.<\/p>\n","protected":false},"excerpt":{"rendered":"<p>Spole\u010densk\u00fd \u0161\u00e1tek je stylov\u00fd dopln\u011bk, \u010dasto nos\u00ed \u017eeny, ale tak\u00e9 mu\u017ei, k form\u00e1ln\u00edm nebo slavnostn\u00edm p\u0159\u00edle\u017eitostem. \u0160\u00e1tek se m\u016f\u017ee uv\u00e1zat kolem krku, ramen nebo dokonce do vlas\u016f, a dod\u00e1v\u00e1 outfitu eleganci a rafinovanost.<\/p>\n","protected":false},"author":2,"featured_media":279,"template":"","meta":[],"product_brand":[],"product_cat":[16,19],"product_tag":[],"class_list":{"0":"post-197","1":"product","2":"type-product","3":"status-publish","4":"has-post-thumbnail","6":"product_cat-oa-satalice","7":"product_cat-obleceni-oa-satalice","9":"first","10":"instock","11":"shipping-taxable","12":"purchasable","13":"product-type-simple"},"_links":{"self":[{"href":"https:\/\/shop.hustaskola.cz\/obchod\/wp-json\/wp\/v2\/product\/197","targetHints":{"allow":["GET"]}}],"collection":[{"href":"https:\/\/shop.hustaskola.cz\/obchod\/wp-json\/wp\/v2\/product"}],"about":[{"href":"https:\/\/shop.hustaskola.cz\/obchod\/wp-json\/wp\/v2\/types\/product"}],"author":[{"embeddable":true,"href":"https:\/\/shop.hustaskola.cz\/obchod\/wp-json\/wp\/v2\/users\/2"}],"wp:featuredmedia":[{"embeddable":true,"href":"https:\/\/shop.hustaskola.cz\/obchod\/wp-json\/wp\/v2\/media\/279"}],"wp:attachment":[{"href":"https:\/\/shop.hustaskola.cz\/obchod\/wp-json\/wp\/v2\/media?parent=197"}],"wp:term":[{"taxonomy":"product_brand","embeddable":true,"href":"https:\/\/shop.hustaskola.cz\/obchod\/wp-json\/wp\/v2\/product_brand?post=197"},{"taxonomy":"product_cat","embeddable":true,"href":"https:\/\/shop.hustaskola.cz\/obchod\/wp-json\/wp\/v2\/product_cat?post=197"},{"taxonomy":"product_tag","embeddable":true,"href":"https:\/\/shop.hustaskola.cz\/obchod\/wp-json\/wp\/v2\/product_tag?post=197"}],"curies":[{"name":"wp","href":"https:\/\/api.w.org\/{rel}","templated":true}]}}